{"id":20,"date":"2023-02-22T22:31:04","date_gmt":"2023-02-22T21:31:04","guid":{"rendered":"https:\/\/www.kbj-modele.fr\/?page_id=20"},"modified":"2024-07-12T14:28:17","modified_gmt":"2024-07-12T12:28:17","slug":"accueil","status":"publish","type":"page","link":"https:\/\/www.kbj-modele.fr\/","title":{"rendered":"Une interpr\u00e9tation des lois de la gravitation et du rayonnement"},"content":{"rendered":"\n<p>La th\u00e9orie de la Relativit\u00e9 justifie et explique la <strong>gravitation<\/strong> par la <strong>courbure<\/strong> de l&rsquo;espace-temps, elle-m\u00eame provoqu\u00e9e par la pr\u00e9sence de masse et d&rsquo;\u00e9nergie.<\/p>\n\n\n\n<p>Le <a href=\"https:\/\/www.kbj-modele.fr\/index.php\/telecharger-modele-mega\/\">mod\u00e8le MEGA<\/a> propose un \u00e9clairage sur l&rsquo;origine de cette courbure.<\/p>\n\n\n\n<p>Il repose sur l&rsquo;hypoth\u00e8se d&rsquo;une structure <em><strong>granulaire<\/strong><\/em> de l&rsquo;espace&nbsp;: l&rsquo;\u00e9tendue et le temps sont discontinus, et l&rsquo;espace est compos\u00e9 de grains. La mesure de l&rsquo;\u00e9tendue est le nombre de grains.<\/p>\n\n\n\n<p>Dans ces grains d&rsquo;espace, indivisibles par nature, existent des changements p\u00e9riodiques \u2013&nbsp;les grains sont <em><strong>anim\u00e9s<\/strong><\/em>. Ces changements se produisent dans une autre dimension que celles de l&rsquo;\u00e9tendue, et leurs modalit\u00e9s d\u00e9finissent l&rsquo;\u00e9tat de chaque grain. L&rsquo;espace se d\u00e9crit ainsi par l<strong>&lsquo;\u00e9tendue<\/strong>, le <strong>temps<\/strong>, et l&rsquo;<strong>\u00e9tat<\/strong> de chaque grain \u2013&nbsp;c&rsquo;est l&rsquo;<em>espace-temps<\/em>.<\/p>\n\n\n\n<p>Un objet mat\u00e9riel \u00e9l\u00e9mentaire serait une portion d&rsquo;espace dans laquelle l&rsquo;arrangement de l&rsquo;\u00e9tat des grains est stable. Il a une masse. Quand il se d\u00e9place, ce sont les caract\u00e9ristiques de leur \u00e9tat qui passent d&rsquo;un grain \u00e0 l&rsquo;autre (\u00e0 l&rsquo;image de ce qui se passe dans les pixels d&rsquo;un \u00e9cran). Un objet mat\u00e9riel serait, en quelque sorte, <em>fait<\/em> d&rsquo;espace.<\/p>\n\n\n\n<p>L&rsquo;espace serait r\u00e9gi par deux tendances. La premi\u00e8re serait la <strong>tendance \u00e0 l&rsquo;uniformit\u00e9<\/strong>&nbsp;: les \u00e9tats de grains voisins tendent \u00e0 s&rsquo;\u00e9galiser.<\/p>\n\n\n\n<p>La pr\u00e9sence de masses provoquerait une variation de la vitesse \u00e0 laquelle s&rsquo;op\u00e8re ce rapprochement de l&rsquo;\u00e9tat des grains. C&rsquo;est la vitesse de la lumi\u00e8re, et elle ne peut pas \u00eatre sup\u00e9rieure \u00e0 une unit\u00e9 d&rsquo;\u00e9tendue par unit\u00e9 de temps.<\/p>\n\n\n\n<p>C&rsquo;est cette variation de la vitesse de la lumi\u00e8re qui serait \u00e0 l&rsquo;origine de la gravitation, en vertu de la seconde tendance de l&rsquo;espace&nbsp;: la <strong>tendance au repos<\/strong>, c&rsquo;est-\u00e0-dire \u00e0 une r\u00e9duction de la vitesse de la lumi\u00e8re. En effet, plus deux masses sont proches l&rsquo;une de l&rsquo;autre, plus la vitesse de la lumi\u00e8re dans l&rsquo;\u00e9tendue qui les s\u00e9pare est r\u00e9duite. Mais ces variations de la vitesse de la lumi\u00e8re sont bien inf\u00e9rieures \u00e0 ce que nos moyens nous permettent de mesurer (Albert Einstein avait envisag\u00e9 de telles variations).<\/p>\n\n\n\n<p>De la variation de la vitesse de la lumi\u00e8re r\u00e9sulte une <strong>courbure<\/strong> de l&rsquo;espace \u2013&nbsp;une modification de la relation entre temps et \u00e9tendue. La courbure de l&rsquo;espace est bien associ\u00e9e \u00e0 la pr\u00e9sence de masse et d&rsquo;\u00e9nergie (ce serait l&rsquo;<em>\u00e9nergie de l&rsquo;espace<\/em>, associ\u00e9e \u00e0 la vitesse de la lumi\u00e8re).<\/p>\n\n\n\n<p>Le fait que, \u00e0 masse \u00e9gale, un objet mat\u00e9riel plus <strong>dense<\/strong> appara\u00eet plus petit proviendrait d&rsquo;une d\u00e9formation de la trajectoire de la lumi\u00e8re. D&rsquo;o\u00f9 un second aspect de la courbure de l&rsquo;espace, et c&rsquo;est cette d\u00e9formation qui expliquerait les vitesses de rotation \u00e9lev\u00e9es observ\u00e9es dans une galaxie&nbsp;: en son centre existe un objet tr\u00e8s massif et de densit\u00e9 tr\u00e8s \u00e9lev\u00e9e. Ainsi, l&rsquo;hypoth\u00e8se de l&rsquo;existence d&rsquo;une <em><strong>mati\u00e8re noire<\/strong><\/em> (un exc\u00e9dent de masse justifiant un exc\u00e9dent de gravitation) ne serait pas n\u00e9cessaire.<\/p>\n\n\n\n<div style=\"height:9px\" aria-hidden=\"true\" class=\"wp-block-spacer\"><\/div>\n\n\n\n<div class=\"wp-block-columns is-layout-flex wp-container-core-columns-is-layout-9d6595d7 wp-block-columns-is-layout-flex\">\n<div class=\"wp-block-column is-layout-flow wp-block-column-is-layout-flow\" style=\"flex-basis:100%\">\n<figure class=\"wp-block-image size-full is-resized\"><img loading=\"lazy\" decoding=\"async\" width=\"1118\" height=\"238\" src=\"https:\/\/www.kbj-modele.fr\/wp-content\/uploads\/2024\/07\/graphique.jpg\" alt=\"\" class=\"wp-image-336\" style=\"width:637px;height:auto\" srcset=\"https:\/\/www.kbj-modele.fr\/wp-content\/uploads\/2024\/07\/graphique.jpg 1118w, https:\/\/www.kbj-modele.fr\/wp-content\/uploads\/2024\/07\/graphique-300x64.jpg 300w, https:\/\/www.kbj-modele.fr\/wp-content\/uploads\/2024\/07\/graphique-1024x218.jpg 1024w, https:\/\/www.kbj-modele.fr\/wp-content\/uploads\/2024\/07\/graphique-768x163.jpg 768w\" sizes=\"auto, (max-width: 1118px) 100vw, 1118px\" \/><\/figure>\n<\/div>\n<\/div>\n\n\n\n<p>La <strong>temp\u00e9rature<\/strong> serait l&rsquo;amplitude des changements existant dans les grains d&rsquo;espace, l&rsquo;agitation des atomes et des mol\u00e9cules n&rsquo;en \u00e9tant que la cons\u00e9quence. La temp\u00e9rature serait donc celle de l&rsquo;espace lui-m\u00eame.<\/p>\n\n\n\n<p>L&rsquo;espace est homog\u00e8ne et isotrope&nbsp;: en tout lieu, un grain est entour\u00e9 du m\u00eame nombre de grains.<\/p>\n\n\n\n<p>L&rsquo;amplitude des ondes \u00e9lectromagn\u00e9tiques provenant du changement p\u00e9riodique existant dans les grains peut donc \u00eatre calcul\u00e9e, en fonction de la p\u00e9riode de ce changement.<\/p>\n\n\n\n<p>Pour les tr\u00e8s courtes p\u00e9riodes (les tr\u00e8s petites longueurs d&rsquo;onde), la variation de l&rsquo;amplitude serait inf\u00e9rieure \u00e0 celle qui sous-tend la loi du <strong>rayonnement<\/strong> de Planck. On retrouve ainsi le spectre des <strong>rayons cosmiques<\/strong> observ\u00e9 \u2013&nbsp;ils auraient bien, alors, une origine \u00e9lectromagn\u00e9tique.<\/p>\n\n\n\n<p><br>Lisez \u2013&nbsp;et critiquez.<\/p>\n\n\n\n<p><\/p>\n\n\n\n<p><\/p>\n\n\n\n<div class=\"wp-block-buttons is-content-justification-center is-layout-flex wp-container-core-buttons-is-layout-16018d1d wp-block-buttons-is-layout-flex\">\n<div class=\"wp-block-button is-style-fill\"><a class=\"wp-block-button__link wp-element-button\" href=\"https:\/\/www.kbj-modele.fr\/index.php\/telecharger-modele-mega\/\">T\u00e9l\u00e9charger modele-MEGA.pdf (530 Ko)<\/a><\/div>\n<\/div>\n","protected":false},"excerpt":{"rendered":"<p>La th\u00e9orie de la Relativit\u00e9 justifie et explique la gravitation par la courbure de l&rsquo;espace-temps, elle-m\u00eame provoqu\u00e9e par la pr\u00e9sence de masse et d&rsquo;\u00e9nergie. Le mod\u00e8le MEGA propose un \u00e9clairage sur l&rsquo;origine de cette courbure. Il repose sur l&rsquo;hypoth\u00e8se d&rsquo;une structure granulaire de l&rsquo;espace&nbsp;: l&rsquo;\u00e9tendue et le temps sont discontinus, et l&rsquo;espace est compos\u00e9 de &#8230; <a title=\"Une interpr\u00e9tation des lois de la gravitation et du rayonnement\" class=\"read-more\" href=\"https:\/\/www.kbj-modele.fr\/\" aria-label=\"En savoir plus sur Une interpr\u00e9tation des lois de la gravitation et du rayonnement\">Lire la suite<\/a><\/p>\n","protected":false},"author":1,"featured_media":0,"parent":0,"menu_order":0,"comment_status":"closed","ping_status":"closed","template":"","meta":{"footnotes":""},"class_list":["post-20","page","type-page","status-publish"],"yoast_head":"<!-- This site is optimized with the Yoast SEO plugin v21.5 - https:\/\/yoast.com\/wordpress\/plugins\/seo\/ -->\n<title>Une interpr\u00e9tation des lois de la gravitation et du rayonnement - Mod\u00e8le MEGA<\/title>\n<meta name=\"description\" content=\"La th\u00e9orie MEGA (Mod\u00e8le d&#039;Espace Granulaire Anim\u00e9) offre un socle commun \u00e0 la relativit\u00e9 et la m\u00e9canique quantique. Elle apporte une explication - manquante depuis Newton - de la gravitation, rend l&#039;hypoth\u00e8se d&#039;une mati\u00e8re noire sans objet, et permet une interpr\u00e9tation de la loi du rayonnement ne faisant pas appel aux probabilit\u00e9s. R\u00e9agissez et commentez !\" \/>\n<meta name=\"robots\" content=\"index, follow, max-snippet:-1, max-image-preview:large, max-video-preview:-1\" \/>\n<link rel=\"canonical\" href=\"https:\/\/www.kbj-modele.fr\/\" \/>\n<meta property=\"og:locale\" content=\"fr_FR\" \/>\n<meta property=\"og:type\" content=\"article\" \/>\n<meta property=\"og:title\" content=\"Une interpr\u00e9tation des lois de la gravitation et du rayonnement - Mod\u00e8le MEGA\" \/>\n<meta property=\"og:description\" content=\"La th\u00e9orie MEGA (Mod\u00e8le d&#039;Espace Granulaire Anim\u00e9) offre un socle commun \u00e0 la relativit\u00e9 et la m\u00e9canique quantique. Elle apporte une explication - manquante depuis Newton - de la gravitation, rend l&#039;hypoth\u00e8se d&#039;une mati\u00e8re noire sans objet, et permet une interpr\u00e9tation de la loi du rayonnement ne faisant pas appel aux probabilit\u00e9s. R\u00e9agissez et commentez !\" \/>\n<meta property=\"og:url\" content=\"https:\/\/www.kbj-modele.fr\/\" \/>\n<meta property=\"og:site_name\" content=\"Mod\u00e8le MEGA\" \/>\n<meta property=\"article:modified_time\" content=\"2024-07-12T12:28:17+00:00\" \/>\n<meta property=\"og:image\" content=\"https:\/\/www.kbj-modele.fr\/wp-content\/uploads\/2024\/07\/graphique.jpg\" \/>\n<meta name=\"twitter:card\" content=\"summary_large_image\" \/>\n<meta name=\"twitter:label1\" content=\"Dur\u00e9e de lecture estim\u00e9e\" \/>\n\t<meta name=\"twitter:data1\" content=\"4 minutes\" \/>\n<script type=\"application\/ld+json\" class=\"yoast-schema-graph\">{\"@context\":\"https:\/\/schema.org\",\"@graph\":[{\"@type\":\"WebPage\",\"@id\":\"https:\/\/www.kbj-modele.fr\/\",\"url\":\"https:\/\/www.kbj-modele.fr\/\",\"name\":\"Une interpr\u00e9tation des lois de la gravitation et du rayonnement - Mod\u00e8le MEGA\",\"isPartOf\":{\"@id\":\"https:\/\/www.kbj-modele.fr\/#website\"},\"datePublished\":\"2023-02-22T21:31:04+00:00\",\"dateModified\":\"2024-07-12T12:28:17+00:00\",\"description\":\"La th\u00e9orie MEGA (Mod\u00e8le d'Espace Granulaire Anim\u00e9) offre un socle commun \u00e0 la relativit\u00e9 et la m\u00e9canique quantique. Elle apporte une explication - manquante depuis Newton - de la gravitation, rend l'hypoth\u00e8se d'une mati\u00e8re noire sans objet, et permet une interpr\u00e9tation de la loi du rayonnement ne faisant pas appel aux probabilit\u00e9s. R\u00e9agissez et commentez !\",\"breadcrumb\":{\"@id\":\"https:\/\/www.kbj-modele.fr\/#breadcrumb\"},\"inLanguage\":\"fr-FR\",\"potentialAction\":[{\"@type\":\"ReadAction\",\"target\":[\"https:\/\/www.kbj-modele.fr\/\"]}]},{\"@type\":\"BreadcrumbList\",\"@id\":\"https:\/\/www.kbj-modele.fr\/#breadcrumb\",\"itemListElement\":[{\"@type\":\"ListItem\",\"position\":1,\"name\":\"Accueil\",\"item\":\"https:\/\/www.kbj-modele.fr\/\"},{\"@type\":\"ListItem\",\"position\":2,\"name\":\"Une interpr\u00e9tation des lois de la gravitation et du rayonnement\"}]},{\"@type\":\"WebSite\",\"@id\":\"https:\/\/www.kbj-modele.fr\/#website\",\"url\":\"https:\/\/www.kbj-modele.fr\/\",\"name\":\"Mod\u00e8le MEGA\",\"description\":\"Mod\u00e8le d&#039;Espace Granulaire Anim\u00e9\",\"potentialAction\":[{\"@type\":\"SearchAction\",\"target\":{\"@type\":\"EntryPoint\",\"urlTemplate\":\"https:\/\/www.kbj-modele.fr\/?s={search_term_string}\"},\"query-input\":\"required name=search_term_string\"}],\"inLanguage\":\"fr-FR\"}]}<\/script>\n<!-- \/ Yoast SEO plugin. -->","yoast_head_json":{"title":"Une interpr\u00e9tation des lois de la gravitation et du rayonnement - Mod\u00e8le MEGA","description":"La th\u00e9orie MEGA (Mod\u00e8le d'Espace Granulaire Anim\u00e9) offre un socle commun \u00e0 la relativit\u00e9 et la m\u00e9canique quantique. Elle apporte une explication - manquante depuis Newton - de la gravitation, rend l'hypoth\u00e8se d'une mati\u00e8re noire sans objet, et permet une interpr\u00e9tation de la loi du rayonnement ne faisant pas appel aux probabilit\u00e9s. R\u00e9agissez et commentez !","robots":{"index":"index","follow":"follow","max-snippet":"max-snippet:-1","max-image-preview":"max-image-preview:large","max-video-preview":"max-video-preview:-1"},"canonical":"https:\/\/www.kbj-modele.fr\/","og_locale":"fr_FR","og_type":"article","og_title":"Une interpr\u00e9tation des lois de la gravitation et du rayonnement - Mod\u00e8le MEGA","og_description":"La th\u00e9orie MEGA (Mod\u00e8le d'Espace Granulaire Anim\u00e9) offre un socle commun \u00e0 la relativit\u00e9 et la m\u00e9canique quantique. Elle apporte une explication - manquante depuis Newton - de la gravitation, rend l'hypoth\u00e8se d'une mati\u00e8re noire sans objet, et permet une interpr\u00e9tation de la loi du rayonnement ne faisant pas appel aux probabilit\u00e9s. R\u00e9agissez et commentez !","og_url":"https:\/\/www.kbj-modele.fr\/","og_site_name":"Mod\u00e8le MEGA","article_modified_time":"2024-07-12T12:28:17+00:00","og_image":[{"url":"https:\/\/www.kbj-modele.fr\/wp-content\/uploads\/2024\/07\/graphique.jpg"}],"twitter_card":"summary_large_image","twitter_misc":{"Dur\u00e9e de lecture estim\u00e9e":"4 minutes"},"schema":{"@context":"https:\/\/schema.org","@graph":[{"@type":"WebPage","@id":"https:\/\/www.kbj-modele.fr\/","url":"https:\/\/www.kbj-modele.fr\/","name":"Une interpr\u00e9tation des lois de la gravitation et du rayonnement - Mod\u00e8le MEGA","isPartOf":{"@id":"https:\/\/www.kbj-modele.fr\/#website"},"datePublished":"2023-02-22T21:31:04+00:00","dateModified":"2024-07-12T12:28:17+00:00","description":"La th\u00e9orie MEGA (Mod\u00e8le d'Espace Granulaire Anim\u00e9) offre un socle commun \u00e0 la relativit\u00e9 et la m\u00e9canique quantique. Elle apporte une explication - manquante depuis Newton - de la gravitation, rend l'hypoth\u00e8se d'une mati\u00e8re noire sans objet, et permet une interpr\u00e9tation de la loi du rayonnement ne faisant pas appel aux probabilit\u00e9s. R\u00e9agissez et commentez !","breadcrumb":{"@id":"https:\/\/www.kbj-modele.fr\/#breadcrumb"},"inLanguage":"fr-FR","potentialAction":[{"@type":"ReadAction","target":["https:\/\/www.kbj-modele.fr\/"]}]},{"@type":"BreadcrumbList","@id":"https:\/\/www.kbj-modele.fr\/#breadcrumb","itemListElement":[{"@type":"ListItem","position":1,"name":"Accueil","item":"https:\/\/www.kbj-modele.fr\/"},{"@type":"ListItem","position":2,"name":"Une interpr\u00e9tation des lois de la gravitation et du rayonnement"}]},{"@type":"WebSite","@id":"https:\/\/www.kbj-modele.fr\/#website","url":"https:\/\/www.kbj-modele.fr\/","name":"Mod\u00e8le MEGA","description":"Mod\u00e8le d&#039;Espace Granulaire Anim\u00e9","potentialAction":[{"@type":"SearchAction","target":{"@type":"EntryPoint","urlTemplate":"https:\/\/www.kbj-modele.fr\/?s={search_term_string}"},"query-input":"required name=search_term_string"}],"inLanguage":"fr-FR"}]}},"_links":{"self":[{"href":"https:\/\/www.kbj-modele.fr\/index.php\/wp-json\/wp\/v2\/pages\/20","targetHints":{"allow":["GET"]}}],"collection":[{"href":"https:\/\/www.kbj-modele.fr\/index.php\/wp-json\/wp\/v2\/pages"}],"about":[{"href":"https:\/\/www.kbj-modele.fr\/index.php\/wp-json\/wp\/v2\/types\/page"}],"author":[{"embeddable":true,"href":"https:\/\/www.kbj-modele.fr\/index.php\/wp-json\/wp\/v2\/users\/1"}],"replies":[{"embeddable":true,"href":"https:\/\/www.kbj-modele.fr\/index.php\/wp-json\/wp\/v2\/comments?post=20"}],"version-history":[{"count":54,"href":"https:\/\/www.kbj-modele.fr\/index.php\/wp-json\/wp\/v2\/pages\/20\/revisions"}],"predecessor-version":[{"id":392,"href":"https:\/\/www.kbj-modele.fr\/index.php\/wp-json\/wp\/v2\/pages\/20\/revisions\/392"}],"wp:attachment":[{"href":"https:\/\/www.kbj-modele.fr\/index.php\/wp-json\/wp\/v2\/media?parent=20"}],"curies":[{"name":"wp","href":"https:\/\/api.w.org\/{rel}","templated":true}]}}